{"id":14222,"date":"2023-03-30T20:11:45","date_gmt":"2023-03-30T19:11:45","guid":{"rendered":"https:\/\/germany.kandakanaturals.com\/?post_type=product&#038;p=14222"},"modified":"2025-11-14T17:32:20","modified_gmt":"2025-11-14T16:32:20","slug":"easter-empowering-basket","status":"publish","type":"product","link":"https:\/\/germany.kandakanaturals.com\/en\/product\/easter-empowering-basket\/","title":{"rendered":"Empowering-Basket"},"content":{"rendered":"<p>Dieses K\u00f6rbchen* ist gef\u00fcllt mit Empowerment:<br \/>\nDenn bei jedem Verkauf eines K\u00f6rbchens* inkl. 4 Minis verschenken wir ein Binden-Set an Schulm\u00e4dchen in Ruanda. Ein Set enth\u00e4lt 6 wiederverwendbare Binden, die sich bis zu 3 Jahre halten! Das umfasst insgesamt ca. 180 Schultage!<br \/>\nTu dir und deinen Mitmenschen was Gutes \ud83d\ude42<\/p>\n<ul>\n<li>1 Agaseke Friedensk\u00f6rbchen*<\/li>\n<\/ul>\n<p>und<\/p>\n<ul>\n<li>4 Mini Essentials-Seifen der Sorten:<\/li>\n<\/ul>\n<p>* Das Muster der Stoffbordure entspricht nicht unbedingt der Abbildung. Aus Nachhaltigkeitsgr\u00fcnden werden daf\u00fcr in der Herstellung Stoffschnittreste verwendet!<\/p>","protected":false},"excerpt":{"rendered":"<p>Dieses K\u00f6rbchen* ist gef\u00fcllt mit Empowerment:<br \/>\nDenn bei jedem Verkauf eines K\u00f6rbchens* inkl. 4 Minis verschenken wir ein Binden-Set an Schulm\u00e4dchen in Ruanda. Ein Set enth\u00e4lt 6 wiederverwendbare Binden, die sich bis zu 3 Jahre halten! Das umfasst insgesamt ca. 180 Schultage!<br \/>\nTu dir und deinen Mitmenschen was Gutes \ud83d\ude42<\/p>\n<ul>\n<li>1 Agaseke Friedensk\u00f6rbchen*<\/li>\n<\/ul>\n<p>und<\/p>\n<ul>\n<li>4 Mini Essentials-Seifen der Sorten:<\/li>\n<\/ul>\n<p><a href=\"https:\/\/germany.kandakanaturals.com\/en\/product\/mini-moehren-orange-seife\/\">M\u00f6hre-Orange<\/a><\/p>\n<p><a href=\"https:\/\/germany.kandakanaturals.com\/en\/product\/mini-aktivkohle-rosmarin-seife\/\">Aktivkohle-Rosmarin<\/a><\/p>\n<p><a href=\"https:\/\/germany.kandakanaturals.com\/en\/product\/mini-hanf-zitronengras-seife\/\">Hanf-Zitronengras<\/a><\/p>\n<p><a href=\"https:\/\/germany.kandakanaturals.com\/en\/product\/mini-kaffee-zimt-seife\/\">Kaffee-Zimt<\/a><\/p>\n<p>* Das Muster der Stoffbordure entspricht nicht unbedingt der Abbildung. Aus Nachhaltigkeitsgr\u00fcnden werden daf\u00fcr in der Herstellung Stoffschnittreste verwendet!<\/p>","protected":false},"featured_media":14224,"comment_status":"open","ping_status":"closed","template":"","meta":[],"product_brand":[],"product_cat":[46,61,75,36],"product_tag":[],"class_list":{"0":"post-14222","1":"product","2":"type-product","3":"status-publish","4":"has-post-thumbnail","6":"product_cat-alle_kategorien","7":"product_cat-essentials","8":"product_cat-geschenksets","9":"product_cat-seifen","10":"yith_product_brand-alle-produkte","11":"yith_product_brand-seifen","13":"first","14":"outofstock","15":"featured","16":"shipping-taxable","17":"purchasable","18":"product-type-variable"},"_links":{"self":[{"href":"https:\/\/germany.kandakanaturals.com\/en\/wp-json\/wp\/v2\/product\/14222","targetHints":{"allow":["GET"]}}],"collection":[{"href":"https:\/\/germany.kandakanaturals.com\/en\/wp-json\/wp\/v2\/product"}],"about":[{"href":"https:\/\/germany.kandakanaturals.com\/en\/wp-json\/wp\/v2\/types\/product"}],"replies":[{"embeddable":true,"href":"https:\/\/germany.kandakanaturals.com\/en\/wp-json\/wp\/v2\/comments?post=14222"}],"wp:featuredmedia":[{"embeddable":true,"href":"https:\/\/germany.kandakanaturals.com\/en\/wp-json\/wp\/v2\/media\/14224"}],"wp:attachment":[{"href":"https:\/\/germany.kandakanaturals.com\/en\/wp-json\/wp\/v2\/media?parent=14222"}],"wp:term":[{"taxonomy":"product_brand","embeddable":true,"href":"https:\/\/germany.kandakanaturals.com\/en\/wp-json\/wp\/v2\/product_brand?post=14222"},{"taxonomy":"product_cat","embeddable":true,"href":"https:\/\/germany.kandakanaturals.com\/en\/wp-json\/wp\/v2\/product_cat?post=14222"},{"taxonomy":"product_tag","embeddable":true,"href":"https:\/\/germany.kandakanaturals.com\/en\/wp-json\/wp\/v2\/product_tag?post=14222"}],"curies":[{"name":"wp","href":"https:\/\/api.w.org\/{rel}","templated":true}]}}